{"id":88,"date":"2016-09-27T20:04:27","date_gmt":"2016-09-27T18:04:27","guid":{"rendered":"http:\/\/127.0.0.1\/kssteel\/?page_id=88"},"modified":"2016-10-14T09:00:55","modified_gmt":"2016-10-14T07:00:55","slug":"qualitaet-vielseitigkeit-kundennaehe-termintreue","status":"publish","type":"page","link":"https:\/\/kolstadsteel.de\/nw\/qualitaet-vielseitigkeit-kundennaehe-termintreue\/","title":{"rendered":"Kvalitet, mangesidighet, n\u00e6rhet til kundene, punktlighet"},"content":{"rendered":"<p><\/p>\n<div class=\"box\">\n<div class=\"boxhead\">\n<h2>VI LEVERER TIL<\/h2>\n<\/div>\n<ul>\n<li>Kranbygging<\/li>\n<li>Bygging av byggemaskiner<\/li>\n<li>Bygging av nyttekj\u00f8ret\u00f8yer<\/li>\n<li>Bygging av skinnekj\u00f8ret\u00f8yer<\/li>\n<li>Maskinbygging<\/li>\n<li>Heiseteknologi<\/li>\n<li>Vindkraftteknologi<\/li>\n<li>Offshoreteknologi<\/li>\n<li>Milj\u00f8teknologi<\/li>\n<\/ul>\n<\/div>\n<p>Vi er like krevende som deg. Kvalitet, mangesidighet, n\u00e6rhet til kundene, punktlighet \u2013 Kolstad Steel kan tilby deg mye.<\/p>","protected":false},"excerpt":{"rendered":"<p>VI LEVERER TIL Kranbygging Bygging av byggemaskiner Bygging av nyttekj\u00f8ret\u00f8yer Bygging av skinnekj\u00f8ret\u00f8yer Maskinbygging Heiseteknologi Vindkraftteknologi Offshoreteknologi Milj\u00f8teknologi Vi er like krevende som deg. Kvalitet, mangesidighet, n\u00e6rhet til kundene, punktlighet \u2013 Kolstad Steel kan tilby deg mye.<span class=\"entry-read-more\"><a href=\"https:\/\/kolstadsteel.de\/nw\/qualitaet-vielseitigkeit-kundennaehe-termintreue\/\" class=\"cs-btn cs-btn-flat cs-btn-rounded cs-btn-xxs cs-btn-flat-accent\">Read More<\/a><\/span><\/p>\n","protected":false},"author":1,"featured_media":89,"parent":0,"menu_order":0,"comment_status":"closed","ping_status":"closed","template":"templates\/page-right-sidebar.php","meta":[],"_links":{"self":[{"href":"https:\/\/kolstadsteel.de\/nw\/wp-json\/wp\/v2\/pages\/88"}],"collection":[{"href":"https:\/\/kolstadsteel.de\/nw\/wp-json\/wp\/v2\/pages"}],"about":[{"href":"https:\/\/kolstadsteel.de\/nw\/wp-json\/wp\/v2\/types\/page"}],"author":[{"embeddable":true,"href":"https:\/\/kolstadsteel.de\/nw\/wp-json\/wp\/v2\/users\/1"}],"replies":[{"embeddable":true,"href":"https:\/\/kolstadsteel.de\/nw\/wp-json\/wp\/v2\/comments?post=88"}],"version-history":[{"count":5,"href":"https:\/\/kolstadsteel.de\/nw\/wp-json\/wp\/v2\/pages\/88\/revisions"}],"predecessor-version":[{"id":171,"href":"https:\/\/kolstadsteel.de\/nw\/wp-json\/wp\/v2\/pages\/88\/revisions\/171"}],"wp:featuredmedia":[{"embeddable":true,"href":"https:\/\/kolstadsteel.de\/nw\/wp-json\/wp\/v2\/media\/89"}],"wp:attachment":[{"href":"https:\/\/kolstadsteel.de\/nw\/wp-json\/wp\/v2\/media?parent=88"}],"curies":[{"name":"wp","href":"https:\/\/api.w.org\/{rel}","templated":true}]}}