{"id":8,"date":"2016-09-06T15:40:44","date_gmt":"2016-09-06T13:40:44","guid":{"rendered":"http:\/\/127.0.0.1\/kssteel\/?page_id=8"},"modified":"2016-10-13T09:48:21","modified_gmt":"2016-10-13T07:48:21","slug":"abkanttechnik","status":"publish","type":"page","link":"https:\/\/kolstadsteel.de\/nw\/abkanttechnik\/","title":{"rendered":"Skr\u00e5kantlengder opp til 20 000 mm"},"content":{"rendered":"<p><\/p>\n<div class=\"box\">\n<div class=\"boxhead\">\n<h2>SKR\u00c5KANTER ETTER M\u00c5L<\/h2>\n<\/div>\n<ul>\n<li>Den riktige teknologien fra standard til helt individuelt tilpassede former<\/li>\n<li>Vi gj\u00f8r ekstreme lengder p\u00e5 skr\u00e5kanter mulig<\/li>\n<li>Vi er spesialister p\u00e5 bearbeiding av HARDOX<\/li>\n<\/ul>\n<\/div>\n<p>I skr\u00e5kantteknologien utnytter vi alle dimensjoner av kaldst\u00f8pingen. Fra den enkle u-profilen til komplisert flerkantet st\u00f8ping \u2013 vi er utrustet for alt. Om det er normalt byggest\u00e5l eller sv\u00e6rt hardt slitest\u00e5l \u2013 utstyret klarer alt dette.<\/p>\n<p>Skr\u00e5kantlengder opp til 20 000 mm <\/p>","protected":false},"excerpt":{"rendered":"<p>SKR\u00c5KANTER ETTER M\u00c5L Den riktige teknologien fra standard til helt individuelt tilpassede former Vi gj\u00f8r ekstreme lengder p\u00e5 skr\u00e5kanter mulig Vi er spesialister p\u00e5 bearbeiding av HARDOX I skr\u00e5kantteknologien utnytter vi alle dimensjoner av kaldst\u00f8pingen. Fra den enkle u-profilen til komplisert flerkantet st\u00f8ping \u2013 vi er utrustet for alt. Om det er normalt byggest\u00e5l eller [&hellip;]<span class=\"entry-read-more\"><a href=\"https:\/\/kolstadsteel.de\/nw\/abkanttechnik\/\" class=\"cs-btn cs-btn-flat cs-btn-rounded cs-btn-xxs cs-btn-flat-accent\">Read More<\/a><\/span><\/p>\n","protected":false},"author":1,"featured_media":26,"parent":0,"menu_order":0,"comment_status":"closed","ping_status":"closed","template":"templates\/page-right-sidebar.php","meta":[],"_links":{"self":[{"href":"https:\/\/kolstadsteel.de\/nw\/wp-json\/wp\/v2\/pages\/8"}],"collection":[{"href":"https:\/\/kolstadsteel.de\/nw\/wp-json\/wp\/v2\/pages"}],"about":[{"href":"https:\/\/kolstadsteel.de\/nw\/wp-json\/wp\/v2\/types\/page"}],"author":[{"embeddable":true,"href":"https:\/\/kolstadsteel.de\/nw\/wp-json\/wp\/v2\/users\/1"}],"replies":[{"embeddable":true,"href":"https:\/\/kolstadsteel.de\/nw\/wp-json\/wp\/v2\/comments?post=8"}],"version-history":[{"count":7,"href":"https:\/\/kolstadsteel.de\/nw\/wp-json\/wp\/v2\/pages\/8\/revisions"}],"predecessor-version":[{"id":128,"href":"https:\/\/kolstadsteel.de\/nw\/wp-json\/wp\/v2\/pages\/8\/revisions\/128"}],"wp:featuredmedia":[{"embeddable":true,"href":"https:\/\/kolstadsteel.de\/nw\/wp-json\/wp\/v2\/media\/26"}],"wp:attachment":[{"href":"https:\/\/kolstadsteel.de\/nw\/wp-json\/wp\/v2\/media?parent=8"}],"curies":[{"name":"wp","href":"https:\/\/api.w.org\/{rel}","templated":true}]}}