{"id":60,"date":"2016-09-27T19:29:05","date_gmt":"2016-09-27T17:29:05","guid":{"rendered":"http:\/\/127.0.0.1\/kssteel\/?page_id=60"},"modified":"2016-10-14T09:00:17","modified_gmt":"2016-10-14T07:00:17","slug":"ersatz-und-verschleissteile-fuer-strassenfertiger","status":"publish","type":"page","link":"https:\/\/kolstadsteel.de\/nw\/ersatz-und-verschleissteile-fuer-strassenfertiger\/","title":{"rendered":"Testede kvalitetsprodukter for de mest kresne"},"content":{"rendered":"<p><\/p>\n<h2>Reserve- og slitedeler for asfaltutleggere<\/h2>\n<p>&nbsp;<br \/>\nFirmaet Kolstad Steel GmbH med kontorer i Hamburg\/Tyskland og Trondheim\/ Norge tilbyr reserve- og slitedeler ikke bare for anleggs- og gjenvinningsmaskiner men ogs\u00e5 for asfaltutleggere.<\/p>\n<p>Med den mest moderne teknikk og v\u00e5rt h\u00f8ye kvalitetsniv\u00e5 blir reserve- og slitedeler for nesten alle fabrikater og maskintyper utelukkende produsert i Tyskland.<\/p>\n<p>For alle individuelle og kompliserte l\u00f8sninger innen reserve- og slitedeler som m\u00e5 fremskaffes til rett sted og tid, er Kolstad Steel din riktige leverand\u00f8r.<\/p>\n<p>De viktigste slitedeler er lagret i computerstyrte h\u00f8yreoler for \u00e5 sikre raskest mulig forsendelse til kunder i hele Europa \u2013 om det v\u00e6re seg med bil, fl y, b\u00e5t eller jernbane.<\/p>\n<p><img loading=\"lazy\" class=\"alignnone wp-image-134 size-full\" src=\"https:\/\/kolstadsteel.de\/wordpress\/wp-content\/uploads\/2016\/09\/strassenfertiger_nw.jpg\" width=\"798\" height=\"739\" srcset=\"https:\/\/kolstadsteel.de\/wp-content\/uploads\/2016\/09\/strassenfertiger_nw.jpg 798w, https:\/\/kolstadsteel.de\/wp-content\/uploads\/2016\/09\/strassenfertiger_nw-300x278.jpg 300w, https:\/\/kolstadsteel.de\/wp-content\/uploads\/2016\/09\/strassenfertiger_nw-768x711.jpg 768w\" sizes=\"(max-width: 798px) 100vw, 798px\" \/><\/p>\n<p><strong>Og mye mer \u2013 bare sp\u00f8r oss.<\/strong><\/p>","protected":false},"excerpt":{"rendered":"<p>Reserve- og slitedeler for asfaltutleggere &nbsp; Firmaet Kolstad Steel GmbH med kontorer i Hamburg\/Tyskland og Trondheim\/ Norge tilbyr reserve- og slitedeler ikke bare for anleggs- og gjenvinningsmaskiner men ogs\u00e5 for asfaltutleggere. Med den mest moderne teknikk og v\u00e5rt h\u00f8ye kvalitetsniv\u00e5 blir reserve- og slitedeler for nesten alle fabrikater og maskintyper utelukkende produsert i Tyskland. For [&hellip;]<span class=\"entry-read-more\"><a href=\"https:\/\/kolstadsteel.de\/nw\/ersatz-und-verschleissteile-fuer-strassenfertiger\/\" class=\"cs-btn cs-btn-flat cs-btn-rounded cs-btn-xxs cs-btn-flat-accent\">Read More<\/a><\/span><\/p>\n","protected":false},"author":1,"featured_media":63,"parent":0,"menu_order":0,"comment_status":"closed","ping_status":"closed","template":"templates\/page-right-sidebar.php","meta":[],"_links":{"self":[{"href":"https:\/\/kolstadsteel.de\/nw\/wp-json\/wp\/v2\/pages\/60"}],"collection":[{"href":"https:\/\/kolstadsteel.de\/nw\/wp-json\/wp\/v2\/pages"}],"about":[{"href":"https:\/\/kolstadsteel.de\/nw\/wp-json\/wp\/v2\/types\/page"}],"author":[{"embeddable":true,"href":"https:\/\/kolstadsteel.de\/nw\/wp-json\/wp\/v2\/users\/1"}],"replies":[{"embeddable":true,"href":"https:\/\/kolstadsteel.de\/nw\/wp-json\/wp\/v2\/comments?post=60"}],"version-history":[{"count":14,"href":"https:\/\/kolstadsteel.de\/nw\/wp-json\/wp\/v2\/pages\/60\/revisions"}],"predecessor-version":[{"id":170,"href":"https:\/\/kolstadsteel.de\/nw\/wp-json\/wp\/v2\/pages\/60\/revisions\/170"}],"wp:featuredmedia":[{"embeddable":true,"href":"https:\/\/kolstadsteel.de\/nw\/wp-json\/wp\/v2\/media\/63"}],"wp:attachment":[{"href":"https:\/\/kolstadsteel.de\/nw\/wp-json\/wp\/v2\/media?parent=60"}],"curies":[{"name":"wp","href":"https:\/\/api.w.org\/{rel}","templated":true}]}}