{"id":6,"date":"2016-09-06T15:40:15","date_gmt":"2016-09-06T13:40:15","guid":{"rendered":"http:\/\/127.0.0.1\/kssteel\/?page_id=6"},"modified":"2016-10-13T11:56:12","modified_gmt":"2016-10-13T09:56:12","slug":"schneidtechnik","status":"publish","type":"page","link":"https:\/\/kolstadsteel.de\/nw\/schneidtechnik\/","title":{"rendered":"Den mest moderne teknologien for individuelle skj\u00e6ringer"},"content":{"rendered":"<p><\/p>\n<div class=\"box\">\n<div class=\"boxhead\">\n<h2>SKJ\u00c6RETEKNOLOGI FOR PRESISJON<\/h2>\n<\/div>\n<ul>\n<li>For alle blikktyper, alle st\u00e5ltyper, alle kvaliteter<\/li>\n<li>\n\t\tMed et stort og fleksibelt utvalg av den aller nyeste teknologi<\/li>\n<li>\n\t\tAlltid den riktige l\u00f8sningen for ditt behov<\/li>\n<\/ul>\n<\/div>\n<h3>LASERSKJ\u00c6RING<\/h3>\n<p>Det er den store produksjonsfleksibiliteten som er grunnen til at den har f\u00e5tt en anerkjennelse som uunnv\u00e6rlig grunnteknologi. N\u00f8yaktige m\u00e5l og minimal varmedeformering p\u00e5 byggdelen er bare noen av fordelene som overbeviser deg i m\u00f8te med de sv\u00e6rt gode skj\u00e6reegenskapene. Laserteknologi er ideell til skj\u00e6ring, sveising og gravering av skrift.<\/p>\n<p>opp til en lengde p\u00e5 36 000 mm<br \/>\nsvart materiale opp til t = 25 mm og mulighet for et fasesnitt fra +\/- 47\u00b0<br \/>\nedelst\u00e5l opp til t = 25 mm<br \/>\naluminium opp til t = 12 mm <\/p>\n<h3>BRENNSKJ\u00c6RING<\/h3>\n<p>Prosessen egner seg spesielt godt til bearbeiding av sv\u00e6rt tykt materiale. Med sitt sv\u00e6rt lave<br \/>\nenergiforbruk er brennskj\u00e6ring sv\u00e6rt godt egnet til kostnadsbevisst anvendelse.<\/p>\n<p>opp til en lengde p\u00e5 30 000 mm<br \/>\nskj\u00e6remuligheter opp til t = 300 mm<br \/>\nmed mulighet til forberedning av sveiseskj\u00f8t <\/p>\n<h3>FINSTR\u00c5LEPLASMASKJ\u00c6RING<\/h3>\n<p>Finstr\u00e5leplasmateknologi egner seg f\u00f8rst og fremst til sm\u00e5 skj\u00e6revinkler. Den er \u00f8konomisk, har h\u00f8y skj\u00e6rehastighet og rene snittkanter og er et ekte alternativ til laserteknologi. I motsetning til brennskj\u00e6ring blir materialet ved finplasmaskj\u00e6ring sk\u00e5ret med ekstra elektrisitet.<\/p>\n<p>opp til en lengde p\u00e5 30 000 mm<br \/>\nmed mulighet til et fasesnitt p\u00e5 +\/- 45\u00b0<br \/>\nskj\u00e6remuligheter opp til t = 60 mm<br \/>\nmerking og signering mulig <\/p>","protected":false},"excerpt":{"rendered":"<p>SKJ\u00c6RETEKNOLOGI FOR PRESISJON For alle blikktyper, alle st\u00e5ltyper, alle kvaliteter Med et stort og fleksibelt utvalg av den aller nyeste teknologi Alltid den riktige l\u00f8sningen for ditt behov LASERSKJ\u00c6RING Det er den store produksjonsfleksibiliteten som er grunnen til at den har f\u00e5tt en anerkjennelse som uunnv\u00e6rlig grunnteknologi. N\u00f8yaktige m\u00e5l og minimal varmedeformering p\u00e5 byggdelen er [&hellip;]<span class=\"entry-read-more\"><a href=\"https:\/\/kolstadsteel.de\/nw\/schneidtechnik\/\" class=\"cs-btn cs-btn-flat cs-btn-rounded cs-btn-xxs cs-btn-flat-accent\">Read More<\/a><\/span><\/p>\n","protected":false},"author":1,"featured_media":19,"parent":0,"menu_order":0,"comment_status":"closed","ping_status":"closed","template":"templates\/page-right-sidebar.php","meta":[],"_links":{"self":[{"href":"https:\/\/kolstadsteel.de\/nw\/wp-json\/wp\/v2\/pages\/6"}],"collection":[{"href":"https:\/\/kolstadsteel.de\/nw\/wp-json\/wp\/v2\/pages"}],"about":[{"href":"https:\/\/kolstadsteel.de\/nw\/wp-json\/wp\/v2\/types\/page"}],"author":[{"embeddable":true,"href":"https:\/\/kolstadsteel.de\/nw\/wp-json\/wp\/v2\/users\/1"}],"replies":[{"embeddable":true,"href":"https:\/\/kolstadsteel.de\/nw\/wp-json\/wp\/v2\/comments?post=6"}],"version-history":[{"count":6,"href":"https:\/\/kolstadsteel.de\/nw\/wp-json\/wp\/v2\/pages\/6\/revisions"}],"predecessor-version":[{"id":144,"href":"https:\/\/kolstadsteel.de\/nw\/wp-json\/wp\/v2\/pages\/6\/revisions\/144"}],"wp:featuredmedia":[{"embeddable":true,"href":"https:\/\/kolstadsteel.de\/nw\/wp-json\/wp\/v2\/media\/19"}],"wp:attachment":[{"href":"https:\/\/kolstadsteel.de\/nw\/wp-json\/wp\/v2\/media?parent=6"}],"curies":[{"name":"wp","href":"https:\/\/api.w.org\/{rel}","templated":true}]}}