{"id":56,"date":"2016-09-27T19:26:09","date_gmt":"2016-09-27T17:26:09","guid":{"rendered":"http:\/\/127.0.0.1\/kssteel\/?page_id=56"},"modified":"2016-10-14T13:15:58","modified_gmt":"2016-10-14T11:15:58","slug":"ersatz-und-verschleissteilservice","status":"publish","type":"page","link":"https:\/\/kolstadsteel.de\/nw\/ersatz-und-verschleissteilservice\/","title":{"rendered":"Testede kvalitetsprodukter for de h\u00f8yeste krav"},"content":{"rendered":"<p><\/p>\n<h2>Reserve- og slitedeleservice<\/h2>\n<p>&nbsp;<\/p>\n<p>Firmaet Kolstad Steel GmbH med kontorer i Hamburg (Tyskland) og i Trondheim (Norge), tilbyr en omfattende reserve- og slitedeleservice til anleggsmaskiner, knusesorteringsverk, metallgjenvinning osv.<\/p>\n<p>Dere vil profi tere p\u00e5 v\u00e5re medarbeideres mange\u00e5rige erfaring og kunnskap n\u00e5r det kommer til bruk og bearbeidelsen av HARDOX-slitest\u00e5l.<\/p>\n<p>Dette unike slitest\u00e5let \u00f8ker levetiden og anvendelsestid for deres maskiner vesentlig. Den utmerkede kombinasjonen av jevn og h\u00f8y hardhet, h\u00f8yere stabilitet og sv\u00e6rt god slagfasthet gj\u00f8r HARDOX til det ideale material for deres deres slitedeler.<\/p>\n<p>Det v\u00e6re seg innen skrapjerngjenvinning, grusverk eller i steinbrudd, s\u00e5 leverer Kolstad Steel skreddersydde reservedeler klare for montering i deres maskiner. <\/p>\n<h3>\nMetallgjenvinning<\/h3>\n<p>\u2013 Perforerte plater og rister<br \/>\n\u2013 Rotorer<br \/>\n\u2013 Bolt-on osv. <\/p>\n<h3>\nGrusutvinning\/Byggavfall-gjenvinning<\/h3>\n<p>\u2013 Slitest\u00e5l for dumper, skuffer, sjakt osv.<br \/>\n\u2013 Slitedeler for knuseverk \/ sorteringsverk<br \/>\n\u2013 Bolt-on<br \/>\n\u2013 Skreddersyde sliteplater <\/p>\n<p><strong>Sowie Konstruktionen und Anfertigungen nach Ihren individuellen Angaben.<\/strong><\/p>\n<h3>\nHar dere problemer med montering, ombygging eller vedlikehold av deres maskindeler?<\/h3>\n<p>Vi tilbyr komplett service med utbygging av gamle og installasjon av nye deler, inklusiv vedlikehold. Med over 20 \u00e5rs erfaring s\u00f8rger v\u00e5re servicemedarbeidere for minimal ventetid.<\/p>\n<p>Ta kontakt med oss slik at vi kan avtale tid for et personlig m\u00f8te.<\/p>","protected":false},"excerpt":{"rendered":"<p>Reserve- og slitedeleservice &nbsp; Firmaet Kolstad Steel GmbH med kontorer i Hamburg (Tyskland) og i Trondheim (Norge), tilbyr en omfattende reserve- og slitedeleservice til anleggsmaskiner, knusesorteringsverk, metallgjenvinning osv. Dere vil profi tere p\u00e5 v\u00e5re medarbeideres mange\u00e5rige erfaring og kunnskap n\u00e5r det kommer til bruk og bearbeidelsen av HARDOX-slitest\u00e5l. Dette unike slitest\u00e5let \u00f8ker levetiden og anvendelsestid [&hellip;]<span class=\"entry-read-more\"><a href=\"https:\/\/kolstadsteel.de\/nw\/ersatz-und-verschleissteilservice\/\" class=\"cs-btn cs-btn-flat cs-btn-rounded cs-btn-xxs cs-btn-flat-accent\">Read More<\/a><\/span><\/p>\n","protected":false},"author":1,"featured_media":57,"parent":0,"menu_order":0,"comment_status":"closed","ping_status":"closed","template":"templates\/page-right-sidebar.php","meta":[],"_links":{"self":[{"href":"https:\/\/kolstadsteel.de\/nw\/wp-json\/wp\/v2\/pages\/56"}],"collection":[{"href":"https:\/\/kolstadsteel.de\/nw\/wp-json\/wp\/v2\/pages"}],"about":[{"href":"https:\/\/kolstadsteel.de\/nw\/wp-json\/wp\/v2\/types\/page"}],"author":[{"embeddable":true,"href":"https:\/\/kolstadsteel.de\/nw\/wp-json\/wp\/v2\/users\/1"}],"replies":[{"embeddable":true,"href":"https:\/\/kolstadsteel.de\/nw\/wp-json\/wp\/v2\/comments?post=56"}],"version-history":[{"count":12,"href":"https:\/\/kolstadsteel.de\/nw\/wp-json\/wp\/v2\/pages\/56\/revisions"}],"predecessor-version":[{"id":173,"href":"https:\/\/kolstadsteel.de\/nw\/wp-json\/wp\/v2\/pages\/56\/revisions\/173"}],"wp:featuredmedia":[{"embeddable":true,"href":"https:\/\/kolstadsteel.de\/nw\/wp-json\/wp\/v2\/media\/57"}],"wp:attachment":[{"href":"https:\/\/kolstadsteel.de\/nw\/wp-json\/wp\/v2\/media?parent=56"}],"curies":[{"name":"wp","href":"https:\/\/api.w.org\/{rel}","templated":true}]}}