{"id":52,"date":"2016-09-27T19:22:53","date_gmt":"2016-09-27T17:22:53","guid":{"rendered":"http:\/\/127.0.0.1\/kssteel\/?page_id=52"},"modified":"2016-10-13T12:33:27","modified_gmt":"2016-10-13T10:33:27","slug":"komplettloesungen","status":"publish","type":"page","link":"https:\/\/kolstadsteel.de\/nw\/komplettloesungen\/","title":{"rendered":"Fra totalservice og kompetent r\u00e5dgivning til sluttmontering"},"content":{"rendered":"<p><\/p>\n<div class=\"box\">\n<div class=\"boxhead\">\n<h2>KOMPLETTL\u00d8SNINGER<\/h2>\n<\/div>\n<ul>\n<li>Vi produserer monteringsklare komponenter med de smaleste toleranser<\/li>\n<li>Bearbeiding av blikk \u2013 s\u00e5 individuelt som du \u00f8nsker det<\/li>\n<li>Komplettproduksjon muliggj\u00f8r effektiv og rask sluttmontering<\/li>\n<\/ul>\n<\/div>\n<h3>MEKANISK BEARBEIDING<\/h3>\n<p>Som tilbyder av komplettl\u00f8sninger har vi en stor bredde av mekaniske bearbeidingsteknikker: boring, fresing, senking og gjengeskj\u00e6ring.<\/p>\n<h3>OVERFLATEBEKLEDNING<\/h3>\n<p>\u2013 Pulverbelegg<br \/>\n\u2013 Lakkering<br \/>\n\u2013 KTL-belegg<br \/>\n\u2013 Ildgalvanisering<\/p>\n<h3>MODULPRODUKSJON<\/h3>\n<p>V\u00e5rt bearbeidingsspektrum blir til sveisemoduler etter dine spesifikasjoner. Med p\u00e5litelig og godkjent sveisedrift og samarbeidspartnere med produsentkvalifikasjoner i henhold til <strong>DIN 18800-7: 2002-09 klasse E <\/strong>med utvidelse for produksjon av teleskoputleggere av sv\u00e6rt hardt finkornst\u00e5l <strong>(DIN15018)<\/strong>, realiserer vi komplettl\u00f8sninger.<\/p>","protected":false},"excerpt":{"rendered":"<p>KOMPLETTL\u00d8SNINGER Vi produserer monteringsklare komponenter med de smaleste toleranser Bearbeiding av blikk \u2013 s\u00e5 individuelt som du \u00f8nsker det Komplettproduksjon muliggj\u00f8r effektiv og rask sluttmontering MEKANISK BEARBEIDING Som tilbyder av komplettl\u00f8sninger har vi en stor bredde av mekaniske bearbeidingsteknikker: boring, fresing, senking og gjengeskj\u00e6ring. OVERFLATEBEKLEDNING \u2013 Pulverbelegg \u2013 Lakkering \u2013 KTL-belegg \u2013 Ildgalvanisering MODULPRODUKSJON V\u00e5rt [&hellip;]<span class=\"entry-read-more\"><a href=\"https:\/\/kolstadsteel.de\/nw\/komplettloesungen\/\" class=\"cs-btn cs-btn-flat cs-btn-rounded cs-btn-xxs cs-btn-flat-accent\">Read More<\/a><\/span><\/p>\n","protected":false},"author":1,"featured_media":53,"parent":0,"menu_order":0,"comment_status":"closed","ping_status":"closed","template":"templates\/page-right-sidebar.php","meta":[],"_links":{"self":[{"href":"https:\/\/kolstadsteel.de\/nw\/wp-json\/wp\/v2\/pages\/52"}],"collection":[{"href":"https:\/\/kolstadsteel.de\/nw\/wp-json\/wp\/v2\/pages"}],"about":[{"href":"https:\/\/kolstadsteel.de\/nw\/wp-json\/wp\/v2\/types\/page"}],"author":[{"embeddable":true,"href":"https:\/\/kolstadsteel.de\/nw\/wp-json\/wp\/v2\/users\/1"}],"replies":[{"embeddable":true,"href":"https:\/\/kolstadsteel.de\/nw\/wp-json\/wp\/v2\/comments?post=52"}],"version-history":[{"count":3,"href":"https:\/\/kolstadsteel.de\/nw\/wp-json\/wp\/v2\/pages\/52\/revisions"}],"predecessor-version":[{"id":149,"href":"https:\/\/kolstadsteel.de\/nw\/wp-json\/wp\/v2\/pages\/52\/revisions\/149"}],"wp:featuredmedia":[{"embeddable":true,"href":"https:\/\/kolstadsteel.de\/nw\/wp-json\/wp\/v2\/media\/53"}],"wp:attachment":[{"href":"https:\/\/kolstadsteel.de\/nw\/wp-json\/wp\/v2\/media?parent=52"}],"curies":[{"name":"wp","href":"https:\/\/api.w.org\/{rel}","templated":true}]}}