{"id":2,"date":"2016-09-06T15:31:03","date_gmt":"2016-09-06T13:31:03","guid":{"rendered":"http:\/\/127.0.0.1\/kssteel\/?page_id=2"},"modified":"2021-02-09T08:06:51","modified_gmt":"2021-02-09T07:06:51","slug":"beispiel-seite","status":"publish","type":"page","link":"https:\/\/kolstadsteel.de\/nw\/","title":{"rendered":"Presisjonsteknologi i nye dimensjoner"},"content":{"rendered":"<p><\/p>\n<div class=\"box\">\n<div class=\"boxhead\">\n<h2>HVORFOR KOLSTAD STEEL?<\/h2>\n<\/div>\n<ul>\n<li>St\u00f8peteknologi med kvalitet og effektivitet uten kompromisser<\/li>\n<li>Trendsettende teknologi for usedvanlige oppgaver<\/li>\n<li>Sv\u00e6rt n\u00e6r kundene over hele Europa<\/li>\n<\/ul>\n<\/div>\n<p><strong>Kolstad Steel GmbH<\/strong> med kontorer i Hamburg og Trondheim er spesialist p\u00e5 levering av tilskj\u00e6ringer, kant- og b\u00f8yedeler til komplekse byggemoduler av st\u00e5l, edelst\u00e5l og aluminium. Med den mest moderne <strong>brenn-, laser- og finstr\u00e5leplasma<\/strong> og <strong>skr\u00e5kantteknologi<\/strong> kan monteringsklare blikkomponenter s\u00e5 vel som kompliserte komplettl\u00f8sninger av h\u00f8yeste kvalitet produseres etter kundens \u00f8nske.<\/p>\n<p>Nye dimensjoner i bearbeidingsteknologien gj\u00f8r det mulig for oss \u00e5 produsere byggedeler med sv\u00e6rt store st\u00f8rrelser, ogs\u00e5 av sv\u00e6rt hardt og slitesterkt st\u00e5l, som for eksempel <strong>Strenx<\/strong> og <strong>HARDOX<\/strong>. Ved dette garanterer vi den aller h\u00f8yeste kvalitet, presisjon og de aller smaleste toleranser, uunnv\u00e6rlige for v\u00e5re forn\u00f8yde kunder i nyttekj\u00f8ret\u00f8yer, maskiner og kraner.<\/p>\n<p>V\u00e5r erfarne gruppe av medarbeidere er tilgjengelig for deg over hele Europa. Det at du bruker oss er til fordel for deg!<\/p>","protected":false},"excerpt":{"rendered":"<p>HVORFOR KOLSTAD STEEL? St\u00f8peteknologi med kvalitet og effektivitet uten kompromisser Trendsettende teknologi for usedvanlige oppgaver Sv\u00e6rt n\u00e6r kundene over hele Europa Kolstad Steel GmbH med kontorer i Hamburg og Trondheim er spesialist p\u00e5 levering av tilskj\u00e6ringer, kant- og b\u00f8yedeler til komplekse byggemoduler av st\u00e5l, edelst\u00e5l og aluminium. Med den mest moderne brenn-, laser- og finstr\u00e5leplasma [&hellip;]<span class=\"entry-read-more\"><a href=\"https:\/\/kolstadsteel.de\/nw\/\" class=\"cs-btn cs-btn-flat cs-btn-rounded cs-btn-xxs cs-btn-flat-accent\">Read More<\/a><\/span><\/p>\n","protected":false},"author":1,"featured_media":14,"parent":0,"menu_order":0,"comment_status":"closed","ping_status":"open","template":"templates\/page-right-sidebar.php","meta":[],"_links":{"self":[{"href":"https:\/\/kolstadsteel.de\/nw\/wp-json\/wp\/v2\/pages\/2"}],"collection":[{"href":"https:\/\/kolstadsteel.de\/nw\/wp-json\/wp\/v2\/pages"}],"about":[{"href":"https:\/\/kolstadsteel.de\/nw\/wp-json\/wp\/v2\/types\/page"}],"author":[{"embeddable":true,"href":"https:\/\/kolstadsteel.de\/nw\/wp-json\/wp\/v2\/users\/1"}],"replies":[{"embeddable":true,"href":"https:\/\/kolstadsteel.de\/nw\/wp-json\/wp\/v2\/comments?post=2"}],"version-history":[{"count":6,"href":"https:\/\/kolstadsteel.de\/nw\/wp-json\/wp\/v2\/pages\/2\/revisions"}],"predecessor-version":[{"id":179,"href":"https:\/\/kolstadsteel.de\/nw\/wp-json\/wp\/v2\/pages\/2\/revisions\/179"}],"wp:featuredmedia":[{"embeddable":true,"href":"https:\/\/kolstadsteel.de\/nw\/wp-json\/wp\/v2\/media\/14"}],"wp:attachment":[{"href":"https:\/\/kolstadsteel.de\/nw\/wp-json\/wp\/v2\/media?parent=2"}],"curies":[{"name":"wp","href":"https:\/\/api.w.org\/{rel}","templated":true}]}}