{"id":56,"date":"2016-09-27T19:26:09","date_gmt":"2016-09-27T17:26:09","guid":{"rendered":"http:\/\/127.0.0.1\/kssteel\/?page_id=56"},"modified":"2016-10-14T13:15:58","modified_gmt":"2016-10-14T11:15:58","slug":"ersatz-und-verschleissteilservice","status":"publish","type":"page","link":"https:\/\/kolstadsteel.de\/en\/ersatz-und-verschleissteilservice\/","title":{"rendered":"(Deutsch) Gepr\u00fcfte Qualit\u00e4tsprodukte f\u00fcr h\u00f6chste Anspr\u00fcche"},"content":{"rendered":"<p><\/p>\n<h2>This category does not contain any content in this language<\/h2>\n<p><\/p>","protected":false},"excerpt":{"rendered":"<p>This category does not contain any content in this language<span class=\"entry-read-more\"><a href=\"https:\/\/kolstadsteel.de\/en\/ersatz-und-verschleissteilservice\/\" class=\"cs-btn cs-btn-flat cs-btn-rounded cs-btn-xxs cs-btn-flat-accent\">Read More<\/a><\/span><\/p>\n","protected":false},"author":1,"featured_media":57,"parent":0,"menu_order":0,"comment_status":"closed","ping_status":"closed","template":"templates\/page-right-sidebar.php","meta":[],"_links":{"self":[{"href":"https:\/\/kolstadsteel.de\/en\/wp-json\/wp\/v2\/pages\/56"}],"collection":[{"href":"https:\/\/kolstadsteel.de\/en\/wp-json\/wp\/v2\/pages"}],"about":[{"href":"https:\/\/kolstadsteel.de\/en\/wp-json\/wp\/v2\/types\/page"}],"author":[{"embeddable":true,"href":"https:\/\/kolstadsteel.de\/en\/wp-json\/wp\/v2\/users\/1"}],"replies":[{"embeddable":true,"href":"https:\/\/kolstadsteel.de\/en\/wp-json\/wp\/v2\/comments?post=56"}],"version-history":[{"count":12,"href":"https:\/\/kolstadsteel.de\/en\/wp-json\/wp\/v2\/pages\/56\/revisions"}],"predecessor-version":[{"id":173,"href":"https:\/\/kolstadsteel.de\/en\/wp-json\/wp\/v2\/pages\/56\/revisions\/173"}],"wp:featuredmedia":[{"embeddable":true,"href":"https:\/\/kolstadsteel.de\/en\/wp-json\/wp\/v2\/media\/57"}],"wp:attachment":[{"href":"https:\/\/kolstadsteel.de\/en\/wp-json\/wp\/v2\/media?parent=56"}],"curies":[{"name":"wp","href":"https:\/\/api.w.org\/{rel}","templated":true}]}}