{"id":88,"date":"2016-09-27T20:04:27","date_gmt":"2016-09-27T18:04:27","guid":{"rendered":"http:\/\/127.0.0.1\/kssteel\/?page_id=88"},"modified":"2016-10-14T09:00:55","modified_gmt":"2016-10-14T07:00:55","slug":"qualitaet-vielseitigkeit-kundennaehe-termintreue","status":"publish","type":"page","link":"https:\/\/kolstadsteel.de\/de\/qualitaet-vielseitigkeit-kundennaehe-termintreue\/","title":{"rendered":"Qualit\u00e4t, Vielseitigkeit, Kundenn\u00e4he, Termintreue"},"content":{"rendered":"<p><\/p>\n<div class=\"box\">\n<div class=\"boxhead\">\n<h2>Wir liefern an<\/h2>\n<\/div>\n<ul>\n<li>Kranbau<\/li>\n<li>Baumaschinenbau<\/li>\n<li>Nutzfahrzeugbau<\/li>\n<li>Schienenfahrzeugbau<\/li>\n<li>Maschinenbau<\/li>\n<li>F\u00f6rdertechnik<\/li>\n<li>Windkrafttechnik<\/li>\n<li>Off-shore-Technik<\/li>\n<li>Umwelttechnik<\/li>\n<\/ul>\n<\/div>\n<p>Wir sind so anspruchsvoll wie Sie. Qualit\u00e4t, Vielseitigkeit, Kundenn\u00e4he, Termintreue \u2013 Kolstadsteel hat Ihnen viel zu bieten.<\/p>","protected":false},"excerpt":{"rendered":"<p>Wir liefern an Kranbau Baumaschinenbau Nutzfahrzeugbau Schienenfahrzeugbau Maschinenbau F\u00f6rdertechnik Windkrafttechnik Off-shore-Technik Umwelttechnik Wir sind so anspruchsvoll wie Sie. Qualit\u00e4t, Vielseitigkeit, Kundenn\u00e4he, Termintreue \u2013 Kolstadsteel hat Ihnen viel zu bieten.<span class=\"entry-read-more\"><a href=\"https:\/\/kolstadsteel.de\/de\/qualitaet-vielseitigkeit-kundennaehe-termintreue\/\" class=\"cs-btn cs-btn-flat cs-btn-rounded cs-btn-xxs cs-btn-flat-accent\">Weiterlesen<\/a><\/span><\/p>\n","protected":false},"author":1,"featured_media":89,"parent":0,"menu_order":0,"comment_status":"closed","ping_status":"closed","template":"templates\/page-right-sidebar.php","meta":[],"_links":{"self":[{"href":"https:\/\/kolstadsteel.de\/de\/wp-json\/wp\/v2\/pages\/88"}],"collection":[{"href":"https:\/\/kolstadsteel.de\/de\/wp-json\/wp\/v2\/pages"}],"about":[{"href":"https:\/\/kolstadsteel.de\/de\/wp-json\/wp\/v2\/types\/page"}],"author":[{"embeddable":true,"href":"https:\/\/kolstadsteel.de\/de\/wp-json\/wp\/v2\/users\/1"}],"replies":[{"embeddable":true,"href":"https:\/\/kolstadsteel.de\/de\/wp-json\/wp\/v2\/comments?post=88"}],"version-history":[{"count":5,"href":"https:\/\/kolstadsteel.de\/de\/wp-json\/wp\/v2\/pages\/88\/revisions"}],"predecessor-version":[{"id":171,"href":"https:\/\/kolstadsteel.de\/de\/wp-json\/wp\/v2\/pages\/88\/revisions\/171"}],"wp:featuredmedia":[{"embeddable":true,"href":"https:\/\/kolstadsteel.de\/de\/wp-json\/wp\/v2\/media\/89"}],"wp:attachment":[{"href":"https:\/\/kolstadsteel.de\/de\/wp-json\/wp\/v2\/media?parent=88"}],"curies":[{"name":"wp","href":"https:\/\/api.w.org\/{rel}","templated":true}]}}