{"id":60,"date":"2016-09-27T19:29:05","date_gmt":"2016-09-27T17:29:05","guid":{"rendered":"http:\/\/127.0.0.1\/kssteel\/?page_id=60"},"modified":"2016-10-14T09:00:17","modified_gmt":"2016-10-14T07:00:17","slug":"ersatz-und-verschleissteile-fuer-strassenfertiger","status":"publish","type":"page","link":"https:\/\/kolstadsteel.de\/de\/ersatz-und-verschleissteile-fuer-strassenfertiger\/","title":{"rendered":"Gepr\u00fcfte Qualit\u00e4tsprodukte f\u00fcr h\u00f6chste Anspr\u00fcche"},"content":{"rendered":"<p><\/p>\n<h2>Ersatz- und Verschlei\u00dfteile f\u00fcr Stra\u00dfenfertiger<\/h2>\n<p>&nbsp;<br \/>\nDie Firma Kolstadsteel GmbH mit Sitz in Hamburg\/Deutschland und Trondheim\/ Norwegen bietet Ihnen neben dem Ersatz- und Verschlei\u00dfteilservice f\u00fcr Maschinen im Baubereich und Metallrecyclingbereich auch einen speziellen Ersatzteilservice f\u00fcr Stra\u00dfenfertiger.<\/p>\n<p>Mit modernster Technik und mit h\u00f6chsten Qualit\u00e4tsanspr\u00fcchen werden Ersatzteile f\u00fcr fast alle Fabrikate und Maschinentypen ausschlie\u00dflich in Deutschland gefertigt.<\/p>\n<p>Vor allem individuelle und komplizierte L\u00f6sungen von Ersatzteilen, die schnell vor Ort ben\u00f6tigt werden, bringt Kolstadsteel f\u00fcr Sie schnell auf den Weg. In computergesteuerten Hochregallagern werden die wichtigsten Verschlei\u00dfteile f\u00fcr sofortige Versendung per LKW, Schiff oder Flugzeug bereitgehalten.<\/p>\n<p><img loading=\"lazy\" class=\"alignnone size-full wp-image-51\" src=\"http:\/\/127.0.0.1\/kssteel\/wp-content\/uploads\/2016\/09\/strassenfertiger_de.jpg\" alt=\"strassenfertiger_de\" width=\"798\" height=\"739\" srcset=\"https:\/\/kolstadsteel.de\/wp-content\/uploads\/2016\/09\/strassenfertiger_de.jpg 798w, https:\/\/kolstadsteel.de\/wp-content\/uploads\/2016\/09\/strassenfertiger_de-300x278.jpg 300w, https:\/\/kolstadsteel.de\/wp-content\/uploads\/2016\/09\/strassenfertiger_de-768x711.jpg 768w\" sizes=\"(max-width: 798px) 100vw, 798px\" \/><\/p>\n<p><strong>Und vieles mehr auf Anfrage.<\/strong><\/p>","protected":false},"excerpt":{"rendered":"<p>Ersatz- und Verschlei\u00dfteile f\u00fcr Stra\u00dfenfertiger &nbsp; Die Firma Kolstadsteel GmbH mit Sitz in Hamburg\/Deutschland und Trondheim\/ Norwegen bietet Ihnen neben dem Ersatz- und Verschlei\u00dfteilservice f\u00fcr Maschinen im Baubereich und Metallrecyclingbereich auch einen speziellen Ersatzteilservice f\u00fcr Stra\u00dfenfertiger. Mit modernster Technik und mit h\u00f6chsten Qualit\u00e4tsanspr\u00fcchen werden Ersatzteile f\u00fcr fast alle Fabrikate und Maschinentypen ausschlie\u00dflich in Deutschland gefertigt. [&hellip;]<span class=\"entry-read-more\"><a href=\"https:\/\/kolstadsteel.de\/de\/ersatz-und-verschleissteile-fuer-strassenfertiger\/\" class=\"cs-btn cs-btn-flat cs-btn-rounded cs-btn-xxs cs-btn-flat-accent\">Weiterlesen<\/a><\/span><\/p>\n","protected":false},"author":1,"featured_media":63,"parent":0,"menu_order":0,"comment_status":"closed","ping_status":"closed","template":"templates\/page-right-sidebar.php","meta":[],"_links":{"self":[{"href":"https:\/\/kolstadsteel.de\/de\/wp-json\/wp\/v2\/pages\/60"}],"collection":[{"href":"https:\/\/kolstadsteel.de\/de\/wp-json\/wp\/v2\/pages"}],"about":[{"href":"https:\/\/kolstadsteel.de\/de\/wp-json\/wp\/v2\/types\/page"}],"author":[{"embeddable":true,"href":"https:\/\/kolstadsteel.de\/de\/wp-json\/wp\/v2\/users\/1"}],"replies":[{"embeddable":true,"href":"https:\/\/kolstadsteel.de\/de\/wp-json\/wp\/v2\/comments?post=60"}],"version-history":[{"count":14,"href":"https:\/\/kolstadsteel.de\/de\/wp-json\/wp\/v2\/pages\/60\/revisions"}],"predecessor-version":[{"id":170,"href":"https:\/\/kolstadsteel.de\/de\/wp-json\/wp\/v2\/pages\/60\/revisions\/170"}],"wp:featuredmedia":[{"embeddable":true,"href":"https:\/\/kolstadsteel.de\/de\/wp-json\/wp\/v2\/media\/63"}],"wp:attachment":[{"href":"https:\/\/kolstadsteel.de\/de\/wp-json\/wp\/v2\/media?parent=60"}],"curies":[{"name":"wp","href":"https:\/\/api.w.org\/{rel}","templated":true}]}}