{"id":56,"date":"2016-09-27T19:26:09","date_gmt":"2016-09-27T17:26:09","guid":{"rendered":"http:\/\/127.0.0.1\/kssteel\/?page_id=56"},"modified":"2016-10-14T13:15:58","modified_gmt":"2016-10-14T11:15:58","slug":"ersatz-und-verschleissteilservice","status":"publish","type":"page","link":"https:\/\/kolstadsteel.de\/de\/ersatz-und-verschleissteilservice\/","title":{"rendered":"Gepr\u00fcfte Qualit\u00e4tsprodukte f\u00fcr h\u00f6chste Anspr\u00fcche"},"content":{"rendered":"<p><\/p>\n<h2>Ersatz- und Verschlei\u00dfteilservice<\/h2>\n<p>&nbsp;<br \/>\nDie Firma Kolstadsteel GmbH mit Sitz in Hamburg\/Deutschland und Trondheim\/ Norwegen bietet Ihnen einen umfangreichen Ersatz- und Verschlei\u00dfteilservice f\u00fcr Ihre Baumaschinen und Anlagen aus dem Metallrecycling.<\/p>\n<p>Dabei profitieren Sie von der langj\u00e4hrigen Erfahrung unserer Mitarbeiter im Einsatz und der Verarbeitung von HARDOX-Verschlei\u00dfblech.<\/p>\n<p>Dieser einzigartige Verschlei\u00dfstahl erh\u00f6ht die Lebensdauer und die Einsatzzeit Ihrer Maschine um ein Vielfaches. Die hervorragende Kombination von gleichm\u00e4\u00dfiger und hoher H\u00e4rte, hoher Festigkeit und sehr guter Schlagz\u00e4higkeit macht HARDOX zum idealen Werkstoff f\u00fcr Ihr Verschlei\u00dfteil.<\/p>\n<p>Egal ob bei Schrottrecycling, im Kieswerk oder im Steinbruch, Kolstadsteel liefert Ihnen das passende, einbaufertige Ersatzteil ma\u00dfgeschneidert f\u00fcr Ihren Maschinentyp.<\/p>\n<h3>Metallrecycling<\/h3>\n<p>\u2013 Metallschredder-Panzerungen<br \/>\n\u2013 Auskleidungen f\u00fcr Schrottscheren und Pressen<br \/>\n\u2013 Lochbleche und Roste<br \/>\n\u2013 Rotoren<br \/>\n\u2013 Unterschraubmesser usw.<\/p>\n<h3>Kiesgewinnung\/Bauschutt-Recycling<\/h3>\n<p>\u2013 Auskleidungsbleche f\u00fcr Muldenkipper<br \/>\n\u2013 Brecherauskleidungen<br \/>\n\u2013 Rutschen, Schurren<br \/>\n\u2013 Unterschraubmesser f\u00fcr Radlader<br \/>\n\u2013 Schlagleisten<br \/>\n\u2013 Rotoren<br \/>\n\u2013 Lochbleche, Siebe<br \/>\n\u2013 Schwerter f\u00fcr Kiesw\u00e4sche usw.<\/p>\n<p><strong>Sowie Konstruktionen und Anfertigungen nach Ihren individuellen Angaben.<\/strong><\/p>\n<h3>Sie haben Probleme beim Einbau, Umbau oder der Wartung Ihrer Maschinenteile?<\/h3>\n<p>Wir bieten Ihnen den Komplettservice mit Ausbau der alten, Einbau der neuen Teile inklusive Wartung. Mit \u00fcber 20-j\u00e4hriger Erfahrung sorgen unsere Servicepartner f\u00fcr minimale Standzeiten Ihrer Maschinen.<\/p>\n<p>Sprechen Sie uns an und vereinbaren Sie einen Termin f\u00fcr ein pers\u00f6nliches Gespr\u00e4ch auch vor Ort.<\/p>","protected":false},"excerpt":{"rendered":"<p>Ersatz- und Verschlei\u00dfteilservice &nbsp; Die Firma Kolstadsteel GmbH mit Sitz in Hamburg\/Deutschland und Trondheim\/ Norwegen bietet Ihnen einen umfangreichen Ersatz- und Verschlei\u00dfteilservice f\u00fcr Ihre Baumaschinen und Anlagen aus dem Metallrecycling. Dabei profitieren Sie von der langj\u00e4hrigen Erfahrung unserer Mitarbeiter im Einsatz und der Verarbeitung von HARDOX-Verschlei\u00dfblech. Dieser einzigartige Verschlei\u00dfstahl erh\u00f6ht die Lebensdauer und die Einsatzzeit [&hellip;]<span class=\"entry-read-more\"><a href=\"https:\/\/kolstadsteel.de\/de\/ersatz-und-verschleissteilservice\/\" class=\"cs-btn cs-btn-flat cs-btn-rounded cs-btn-xxs cs-btn-flat-accent\">Weiterlesen<\/a><\/span><\/p>\n","protected":false},"author":1,"featured_media":57,"parent":0,"menu_order":0,"comment_status":"closed","ping_status":"closed","template":"templates\/page-right-sidebar.php","meta":[],"_links":{"self":[{"href":"https:\/\/kolstadsteel.de\/de\/wp-json\/wp\/v2\/pages\/56"}],"collection":[{"href":"https:\/\/kolstadsteel.de\/de\/wp-json\/wp\/v2\/pages"}],"about":[{"href":"https:\/\/kolstadsteel.de\/de\/wp-json\/wp\/v2\/types\/page"}],"author":[{"embeddable":true,"href":"https:\/\/kolstadsteel.de\/de\/wp-json\/wp\/v2\/users\/1"}],"replies":[{"embeddable":true,"href":"https:\/\/kolstadsteel.de\/de\/wp-json\/wp\/v2\/comments?post=56"}],"version-history":[{"count":12,"href":"https:\/\/kolstadsteel.de\/de\/wp-json\/wp\/v2\/pages\/56\/revisions"}],"predecessor-version":[{"id":173,"href":"https:\/\/kolstadsteel.de\/de\/wp-json\/wp\/v2\/pages\/56\/revisions\/173"}],"wp:featuredmedia":[{"embeddable":true,"href":"https:\/\/kolstadsteel.de\/de\/wp-json\/wp\/v2\/media\/57"}],"wp:attachment":[{"href":"https:\/\/kolstadsteel.de\/de\/wp-json\/wp\/v2\/media?parent=56"}],"curies":[{"name":"wp","href":"https:\/\/api.w.org\/{rel}","templated":true}]}}