{"id":52,"date":"2016-09-27T19:22:53","date_gmt":"2016-09-27T17:22:53","guid":{"rendered":"http:\/\/127.0.0.1\/kssteel\/?page_id=52"},"modified":"2016-10-13T12:33:27","modified_gmt":"2016-10-13T10:33:27","slug":"komplettloesungen","status":"publish","type":"page","link":"https:\/\/kolstadsteel.de\/de\/komplettloesungen\/","title":{"rendered":"Rundum-Service und kompetente Beratung"},"content":{"rendered":"<p><\/p>\n<div class=\"box\">\n<div class=\"boxhead\">\n<h2>Komplettl\u00f6sungen<\/h2>\n<\/div>\n<ul>\n<li>Einbauf\u00e4hige Komponenten fertigen wir mit engsten Toleranzen<\/li>\n<li>Blechbearbeitung \u2013 so individuell wie Sie es w\u00fcnschen<\/li>\n<li>Komplettfertigung erm\u00f6glicht eine effiziente und schnelle Endmontage<\/li>\n<\/ul>\n<\/div>\n<h3>Mechanische Bearbeitung<\/h3>\n<p>Als Anbieter f\u00fcr Komplettl\u00f6sungen haben wir eine gro\u00dfe Bandbreite mechanischer Verarbeitungstechniken:<br \/>\nBohren, Fr\u00e4sen, Senken und Gewindeschneiden.<\/p>\n<h3>Oberfl\u00e4chenbeschichtung<\/h3>\n<p>\u2013 Pulverbeschichten<br \/>\n\u2013 Lackieren<br \/>\n\u2013 KTL-Beschichten<br \/>\n\u2013 Feuerverzinken<\/p>\n<h3>Baugruppenfertigung<\/h3>\n<p>Unser Verarbeitungsspektrum wird nach Ihren Vorgaben zu Schwei\u00dfbaugruppen abgerundet.<br \/>\nMit zuverl\u00e4ssigen und autorisierten Schwei\u00dfbetrieben und Kooperationspartnern mit der Herstellerqualifikatione<br \/>\nnach DIN 18800-7 : 2002-09 Klasse E mit der Erweiterung f\u00fcr die<br \/>\nFertigung von Teleskopauslegern aus hoch- und h\u00f6chstfestem Feinkornbaustahl (DIN 15018)<br \/>\nerm\u00f6glichen wir die Realisierung von Komplettl\u00f6sungen.<\/p>","protected":false},"excerpt":{"rendered":"<p>Komplettl\u00f6sungen Einbauf\u00e4hige Komponenten fertigen wir mit engsten Toleranzen Blechbearbeitung \u2013 so individuell wie Sie es w\u00fcnschen Komplettfertigung erm\u00f6glicht eine effiziente und schnelle Endmontage Mechanische Bearbeitung Als Anbieter f\u00fcr Komplettl\u00f6sungen haben wir eine gro\u00dfe Bandbreite mechanischer Verarbeitungstechniken: Bohren, Fr\u00e4sen, Senken und Gewindeschneiden. Oberfl\u00e4chenbeschichtung \u2013 Pulverbeschichten \u2013 Lackieren \u2013 KTL-Beschichten \u2013 Feuerverzinken Baugruppenfertigung Unser Verarbeitungsspektrum wird nach [&hellip;]<span class=\"entry-read-more\"><a href=\"https:\/\/kolstadsteel.de\/de\/komplettloesungen\/\" class=\"cs-btn cs-btn-flat cs-btn-rounded cs-btn-xxs cs-btn-flat-accent\">Weiterlesen<\/a><\/span><\/p>\n","protected":false},"author":1,"featured_media":53,"parent":0,"menu_order":0,"comment_status":"closed","ping_status":"closed","template":"templates\/page-right-sidebar.php","meta":[],"_links":{"self":[{"href":"https:\/\/kolstadsteel.de\/de\/wp-json\/wp\/v2\/pages\/52"}],"collection":[{"href":"https:\/\/kolstadsteel.de\/de\/wp-json\/wp\/v2\/pages"}],"about":[{"href":"https:\/\/kolstadsteel.de\/de\/wp-json\/wp\/v2\/types\/page"}],"author":[{"embeddable":true,"href":"https:\/\/kolstadsteel.de\/de\/wp-json\/wp\/v2\/users\/1"}],"replies":[{"embeddable":true,"href":"https:\/\/kolstadsteel.de\/de\/wp-json\/wp\/v2\/comments?post=52"}],"version-history":[{"count":3,"href":"https:\/\/kolstadsteel.de\/de\/wp-json\/wp\/v2\/pages\/52\/revisions"}],"predecessor-version":[{"id":149,"href":"https:\/\/kolstadsteel.de\/de\/wp-json\/wp\/v2\/pages\/52\/revisions\/149"}],"wp:featuredmedia":[{"embeddable":true,"href":"https:\/\/kolstadsteel.de\/de\/wp-json\/wp\/v2\/media\/53"}],"wp:attachment":[{"href":"https:\/\/kolstadsteel.de\/de\/wp-json\/wp\/v2\/media?parent=52"}],"curies":[{"name":"wp","href":"https:\/\/api.w.org\/{rel}","templated":true}]}}