{"id":2,"date":"2016-09-06T15:31:03","date_gmt":"2016-09-06T13:31:03","guid":{"rendered":"http:\/\/127.0.0.1\/kssteel\/?page_id=2"},"modified":"2021-02-09T08:06:51","modified_gmt":"2021-02-09T07:06:51","slug":"beispiel-seite","status":"publish","type":"page","link":"https:\/\/kolstadsteel.de\/de\/","title":{"rendered":"Pr\u00e4zisionstechnologie in neuen Dimensionen"},"content":{"rendered":"<p><\/p>\n<div class=\"box\">\n<div class=\"boxhead\">\n<h2>Warum Kolstad Steel?<\/h2>\n<\/div>\n<ul>\n<li>Umformtechnik mit Qualit\u00e4t und Effizienz ohne Kompromisse<\/li>\n<li>Zukunftsweisende Technologien f\u00fcr au\u00dferordentliche Aufgaben<\/li>\n<li>Europaweit extrem nah am Kunden<\/li>\n<\/ul>\n<\/div>\n<p>Die <strong>Kolstad Steel GmbH<\/strong> mit Sitz in Hamburg und Trondheim (Norwegen) ist spezialisiert auf die Lieferung von <strong>Zuschnitten<\/strong>, <strong>Kant- und Biegeteilen<\/strong> bis hin zu <strong>komplexen Baugruppen aus Stahl<\/strong>, <strong>Edelstahl<\/strong> und <strong>Aluminium<\/strong>. Mit modernster <strong>Brenn-<\/strong>, <strong>Laser-<\/strong>, <strong>Feinstrahlplasma<\/strong>&#8211; und <strong>Abkanttechnik<\/strong> k\u00f6nnen auf Kundenwunsch einbaufertige Blechkomponenten, sowie komplizierte Komplettl\u00f6sungen mit h\u00f6chster Qualit\u00e4t gefertigt werden.<\/p>\n<p>Neue Dimensionen in der Verarbeitungstechnik machen uns die Fertigung von Bauteilen mit au\u00dferordentlich gro\u00dfen Abmessungen, auch aus hochfestem und verschlei\u00dffestem Stahl, wie z.B. <strong>Strenx<\/strong> und <strong>HARDOX<\/strong> m\u00f6glich. Dabei garantieren wir h\u00f6chste Qualit\u00e4t, Pr\u00e4zision und engste Toleranzen, die f\u00fcr unsere zufriedenen Kunden im Nutzfahrzeug-, Maschinen- und Kranbau unerl\u00e4sslich sind.<\/p>\n<p>Unser erfahrenes Mitarbeiterteam ist europaweit f\u00fcr Sie da. Ihre Entscheidung f\u00fcr uns ist ein Gewinn f\u00fcr Sie!<\/p>","protected":false},"excerpt":{"rendered":"<p>Warum Kolstad Steel? Umformtechnik mit Qualit\u00e4t und Effizienz ohne Kompromisse Zukunftsweisende Technologien f\u00fcr au\u00dferordentliche Aufgaben Europaweit extrem nah am Kunden Die Kolstad Steel GmbH mit Sitz in Hamburg und Trondheim (Norwegen) ist spezialisiert auf die Lieferung von Zuschnitten, Kant- und Biegeteilen bis hin zu komplexen Baugruppen aus Stahl, Edelstahl und Aluminium. Mit modernster Brenn-, Laser-, [&hellip;]<span class=\"entry-read-more\"><a href=\"https:\/\/kolstadsteel.de\/de\/\" class=\"cs-btn cs-btn-flat cs-btn-rounded cs-btn-xxs cs-btn-flat-accent\">Weiterlesen<\/a><\/span><\/p>\n","protected":false},"author":1,"featured_media":14,"parent":0,"menu_order":0,"comment_status":"closed","ping_status":"open","template":"templates\/page-right-sidebar.php","meta":[],"_links":{"self":[{"href":"https:\/\/kolstadsteel.de\/de\/wp-json\/wp\/v2\/pages\/2"}],"collection":[{"href":"https:\/\/kolstadsteel.de\/de\/wp-json\/wp\/v2\/pages"}],"about":[{"href":"https:\/\/kolstadsteel.de\/de\/wp-json\/wp\/v2\/types\/page"}],"author":[{"embeddable":true,"href":"https:\/\/kolstadsteel.de\/de\/wp-json\/wp\/v2\/users\/1"}],"replies":[{"embeddable":true,"href":"https:\/\/kolstadsteel.de\/de\/wp-json\/wp\/v2\/comments?post=2"}],"version-history":[{"count":6,"href":"https:\/\/kolstadsteel.de\/de\/wp-json\/wp\/v2\/pages\/2\/revisions"}],"predecessor-version":[{"id":179,"href":"https:\/\/kolstadsteel.de\/de\/wp-json\/wp\/v2\/pages\/2\/revisions\/179"}],"wp:featuredmedia":[{"embeddable":true,"href":"https:\/\/kolstadsteel.de\/de\/wp-json\/wp\/v2\/media\/14"}],"wp:attachment":[{"href":"https:\/\/kolstadsteel.de\/de\/wp-json\/wp\/v2\/media?parent=2"}],"curies":[{"name":"wp","href":"https:\/\/api.w.org\/{rel}","templated":true}]}}