{"id":156,"date":"2016-10-13T13:07:11","date_gmt":"2016-10-13T11:07:11","guid":{"rendered":"http:\/\/kolstadsteel.de\/wordpress\/?page_id=156"},"modified":"2016-10-13T13:39:10","modified_gmt":"2016-10-13T11:39:10","slug":"impressum","status":"publish","type":"page","link":"https:\/\/kolstadsteel.de\/de\/impressum\/","title":{"rendered":"Rundum-Service und kompetente Beratung"},"content":{"rendered":"<p><\/p>\n<div class=\"box\">\n<div class=\"boxhead\">\n<h2>Impressum<\/h2>\n<\/div>\n<\/div>\n<p>Angaben gem\u00e4\u00df \u00a7 5 TMG:<\/p>\n<p><strong>Kolstad Steel GmbH<\/strong><br \/>\nM\u00fchlendamm 84 A<br \/>\n22087 Hamburg<\/p>\n<h4>Gesch\u00e4ftsf\u00fchrer:<\/h4>\n<p>Thomas Balcke<\/p>\n<h4>Kontakt:<\/h4>\n<table>\n<tbody>\n<tr>\n<td>Telefon:<\/td>\n<td>040 2 27 59-190<\/td>\n<\/tr>\n<tr>\n<td>Telefax:<\/td>\n<td>040 2 27 59-092<\/td>\n<\/tr>\n<tr>\n<td>E-Mail:<\/td>\n<td><a href=\"mailto:info@kolstadsteel.de\">info@kolstadsteel.de<\/a><\/td>\n<\/tr>\n<\/tbody>\n<\/table>\n<h4>Registereintrag:<\/h4>\n<p>Eintragung im Handelsregister.<br \/>\nRegistergericht: Amtsgericht Hamburg<br \/>\nRegisternummer: HRB 116580<\/p>\n<h4>Steuernummer:<\/h4>\n<p>43\/737\/00563<\/p>\n<h4>UST-IdNr:<\/h4>\n<p>DE 275 229 927<\/p>\n<h4>Entwicklung Website:<\/h4>\n<p><a href=\"http:\/\/www.designamfluss.de\" target=\"_blank\">DESIGN AM FLUSS<\/a><br \/>\nNadine Fiege<br \/>\nLimmerstra\u00dfe 44<br \/>\n30451 Hannover<\/p>","protected":false},"excerpt":{"rendered":"<p>Impressum Angaben gem\u00e4\u00df \u00a7 5 TMG: Kolstad Steel GmbH M\u00fchlendamm 84 A 22087 Hamburg Gesch\u00e4ftsf\u00fchrer: Thomas Balcke Kontakt: Telefon: 040 2 27 59-190 Telefax: 040 2 27 59-092 E-Mail: info@kolstadsteel.de Registereintrag: Eintragung im Handelsregister. Registergericht: Amtsgericht Hamburg Registernummer: HRB 116580 Steuernummer: 43\/737\/00563 UST-IdNr: DE 275 229 927 Entwicklung Website: DESIGN AM FLUSS Nadine Fiege Limmerstra\u00dfe [&hellip;]<span class=\"entry-read-more\"><a href=\"https:\/\/kolstadsteel.de\/de\/impressum\/\" class=\"cs-btn cs-btn-flat cs-btn-rounded cs-btn-xxs cs-btn-flat-accent\">Weiterlesen<\/a><\/span><\/p>\n","protected":false},"author":1,"featured_media":53,"parent":0,"menu_order":0,"comment_status":"closed","ping_status":"closed","template":"templates\/page-right-sidebar.php","meta":[],"_links":{"self":[{"href":"https:\/\/kolstadsteel.de\/de\/wp-json\/wp\/v2\/pages\/156"}],"collection":[{"href":"https:\/\/kolstadsteel.de\/de\/wp-json\/wp\/v2\/pages"}],"about":[{"href":"https:\/\/kolstadsteel.de\/de\/wp-json\/wp\/v2\/types\/page"}],"author":[{"embeddable":true,"href":"https:\/\/kolstadsteel.de\/de\/wp-json\/wp\/v2\/users\/1"}],"replies":[{"embeddable":true,"href":"https:\/\/kolstadsteel.de\/de\/wp-json\/wp\/v2\/comments?post=156"}],"version-history":[{"count":11,"href":"https:\/\/kolstadsteel.de\/de\/wp-json\/wp\/v2\/pages\/156\/revisions"}],"predecessor-version":[{"id":168,"href":"https:\/\/kolstadsteel.de\/de\/wp-json\/wp\/v2\/pages\/156\/revisions\/168"}],"wp:featuredmedia":[{"embeddable":true,"href":"https:\/\/kolstadsteel.de\/de\/wp-json\/wp\/v2\/media\/53"}],"wp:attachment":[{"href":"https:\/\/kolstadsteel.de\/de\/wp-json\/wp\/v2\/media?parent=156"}],"curies":[{"name":"wp","href":"https:\/\/api.w.org\/{rel}","templated":true}]}}